{"id":5,"date":"2011-07-14T19:45:29","date_gmt":"2011-07-14T19:45:29","guid":{"rendered":"http:\/\/www.minervaplayahotel.com\/hotel-minerva\/?page_id=5"},"modified":"2014-04-21T18:14:34","modified_gmt":"2014-04-21T18:14:34","slug":"about","status":"publish","type":"page","link":"http:\/\/www.minervaplayahotel.com\/hotel-minerva\/about\/","title":{"rendered":"Apartamentos"},"content":{"rendered":"<p>Apart Hotel Minerva<\/p>\n<p><a href=\"http:\/\/www.minervaplayahotel.com\/hotel-minerva\/wp-content\/uploads\/2011\/07\/apart.jpg\"><img loading=\"lazy\" decoding=\"async\" class=\"alignnone size-full wp-image-939\" src=\"http:\/\/www.minervaplayahotel.com\/hotel-minerva\/wp-content\/uploads\/2011\/07\/apart.jpg\" alt=\"apart\" width=\"296\" height=\"204\" \/><\/a><\/p>\n<p>El Apart &#8211; Hotel Minerva Playa se encuentra en pleno centro comercial de San Clemente del Tuyu, haciendo el acceso a la diversi\u00f3n y paseos m\u00e1s que simple. Con apenas 100 metros hasta las amplias playas de nuestro mar, es la mejor opci\u00f3n para quienes gustan de tener todo al alcance de la mano con apenas una caminata.<\/p>\n<div class=\"spacer\"><!-- --><\/div>\n<h2><\/h2>\n","protected":false},"excerpt":{"rendered":"<p>Apart Hotel Minerva El Apart &#8211; Hotel Minerva Playa se encuentra en pleno centro comercial de San Clemente del Tuyu, haciendo el acceso a la diversi\u00f3n y paseos m\u00e1s que simple. Con apenas 100 metros hasta las amplias playas de nuestro mar, es la mejor opci\u00f3n para quienes gustan de tener todo al alcance de la mano con apenas una&nbsp;<a href=\"http:\/\/www.minervaplayahotel.com\/hotel-minerva\/about\/\" class=\"read-more\">Ver mas<\/a><\/p>\n","protected":false},"author":1,"featured_media":0,"parent":0,"menu_order":1,"comment_status":"closed","ping_status":"closed","template":"page-home.php","meta":{"footnotes":""},"class_list":["post-5","page","type-page","status-publish","hentry"],"_links":{"self":[{"href":"http:\/\/www.minervaplayahotel.com\/hotel-minerva\/wp-json\/wp\/v2\/pages\/5","targetHints":{"allow":["GET"]}}],"collection":[{"href":"http:\/\/www.minervaplayahotel.com\/hotel-minerva\/wp-json\/wp\/v2\/pages"}],"about":[{"href":"http:\/\/www.minervaplayahotel.com\/hotel-minerva\/wp-json\/wp\/v2\/types\/page"}],"author":[{"embeddable":true,"href":"http:\/\/www.minervaplayahotel.com\/hotel-minerva\/wp-json\/wp\/v2\/users\/1"}],"replies":[{"embeddable":true,"href":"http:\/\/www.minervaplayahotel.com\/hotel-minerva\/wp-json\/wp\/v2\/comments?post=5"}],"version-history":[{"count":85,"href":"http:\/\/www.minervaplayahotel.com\/hotel-minerva\/wp-json\/wp\/v2\/pages\/5\/revisions"}],"predecessor-version":[{"id":980,"href":"http:\/\/www.minervaplayahotel.com\/hotel-minerva\/wp-json\/wp\/v2\/pages\/5\/revisions\/980"}],"wp:attachment":[{"href":"http:\/\/www.minervaplayahotel.com\/hotel-minerva\/wp-json\/wp\/v2\/media?parent=5"}],"curies":[{"name":"wp","href":"https:\/\/api.w.org\/{rel}","templated":true}]}}